{"id":3808,"date":"2025-07-29T08:37:48","date_gmt":"2025-07-29T06:37:48","guid":{"rendered":"https:\/\/glhrestaurants.com\/gift-experience\/"},"modified":"2026-04-30T09:28:18","modified_gmt":"2026-04-30T07:28:18","slug":"gift-experience","status":"publish","type":"page","link":"https:\/\/glhrestaurants.com\/en\/gift-experience\/","title":{"rendered":"Gift Experience"},"content":{"rendered":"\t\t<div data-elementor-type=\"wp-page\" data-elementor-id=\"3808\" class=\"elementor elementor-3808 elementor-2147\" data-elementor-post-type=\"page\">\n\t\t\t\t<div class=\"elementor-element elementor-element-86d41a2 e-flex e-con-boxed e-con e-parent\" data-id=\"86d41a2\" data-element_type=\"container\" data-e-type=\"container\" data-settings=\"{&quot;background_background&quot;:&quot;classic&quot;}\">\n\t\t\t\t\t<div class=\"e-con-inner\">\n\t\t\t\t\t<\/div>\n\t\t\t\t<\/div>\n\t\t<div class=\"elementor-element elementor-element-6999402 e-flex e-con-boxed e-con e-parent\" data-id=\"6999402\" data-element_type=\"container\" data-e-type=\"container\">\n\t\t\t\t\t<div class=\"e-con-inner\">\n\t\t<div class=\"elementor-element elementor-element-92a214f e-con-full e-flex e-con e-child\" data-id=\"92a214f\" data-element_type=\"container\" data-e-type=\"container\">\n\t\t\t\t<div class=\"elementor-element elementor-element-536f795 elementor-widget elementor-widget-heading\" data-id=\"536f795\" data-element_type=\"widget\" data-e-type=\"widget\" data-widget_type=\"heading.default\">\n\t\t\t\t<div class=\"elementor-widget-container\">\n\t\t\t\t\t<h2 class=\"elementor-heading-title elementor-size-default\">Gift GLH experiences<\/h2>\t\t\t\t<\/div>\n\t\t\t\t<\/div>\n\t\t\t\t<div class=\"elementor-element elementor-element-8e44629 elementor-widget__width-initial elementor-widget elementor-widget-text-editor\" data-id=\"8e44629\" data-element_type=\"widget\" data-e-type=\"widget\" data-widget_type=\"text-editor.default\">\n\t\t\t\t<div class=\"elementor-widget-container\">\n\t\t\t\t\t\t\t\t\t<p>The best gifts are those that are experienced. That\u2019s why, at GLH, we offer you different options to make your gift truly special. <\/p>\t\t\t\t\t\t\t\t<\/div>\n\t\t\t\t<\/div>\n\t\t\t\t<\/div>\n\t\t\t\t\t<\/div>\n\t\t\t\t<\/div>\n\t\t<div class=\"elementor-element elementor-element-6fa6297 e-flex e-con-boxed e-con e-parent\" data-id=\"6fa6297\" data-element_type=\"container\" data-e-type=\"container\">\n\t\t\t\t\t<div class=\"e-con-inner\">\n\t\t<div class=\"elementor-element elementor-element-80e1908 e-con-full e-flex e-con e-child\" data-id=\"80e1908\" data-element_type=\"container\" data-e-type=\"container\">\n\t\t\t\t<div class=\"elementor-element elementor-element-707d295 elementor-widget__width-initial elementor-widget elementor-widget-heading\" data-id=\"707d295\" data-element_type=\"widget\" data-e-type=\"widget\" data-widget_type=\"heading.default\">\n\t\t\t\t<div class=\"elementor-widget-container\">\n\t\t\t\t\t<h2 class=\"elementor-heading-title elementor-size-default\">Design your gift<\/h2>\t\t\t\t<\/div>\n\t\t\t\t<\/div>\n\t\t\t\t<div class=\"elementor-element elementor-element-085bf0b elementor-widget__width-initial elementor-widget elementor-widget-html\" data-id=\"085bf0b\" data-element_type=\"widget\" data-e-type=\"widget\" data-widget_type=\"html.default\">\n\t\t\t\t<div class=\"elementor-widget-container\">\n\t\t\t\t\t<!-- BLOQUE HTML -->\n<div class=\"reserve-dropdown\">\n  <button class=\"dropbtn\">Choose a restaurant<\/button>\n  <div id=\"reserve-dropdown-content\" class=\"dropdown-content\">\n\t<a rel=\"motor-botania\" class=\"dropbtn-motor\" href=\"#\">Botania<\/a>\n\t<a rel=\"motor-frida\" class=\"dropbtn-motor\" href=\"#\">Frida<\/a>\n\t<a rel=\"motor-habanera\" class=\"dropbtn-motor\" href=\"#\">Habanera<\/a>\n\t<a rel=\"motor-lachingona\" class=\"dropbtn-motor\" href=\"#\">La Chingona<\/a>\n\t<a rel=\"motor-marieta\" class=\"dropbtn-motor\" href=\"#\">Marieta<\/a>\n\t<a rel=\"motor-perra\" class=\"dropbtn-motor\" href=\"#\">Perrachica<\/a>\n\t<a rel=\"motor-chez\" class=\"dropbtn-motor\" href=\"#\">Chez Madrid<\/a>\n    <a rel=\"motor-pabblo\" class=\"dropbtn-motor\" href=\"#\">Pabblo<\/a>\n    <a rel=\"motor-castizovelazquez\" class=\"dropbtn-motor\" href=\"#\">Castizo Vel\u00e1zquez<\/a>\n    <a rel=\"motor-castizoserrano\" class=\"dropbtn-motor\" href=\"#\">Castizo Serrano<\/a>\n    <a rel=\"motor-castizosagasta\" class=\"dropbtn-motor\" href=\"#\">Castizo Sagasta<\/a>\n    <a rel=\"motor-castizoangel\" class=\"dropbtn-motor\" href=\"#\">Castizo Plaza del \u00c1ngel<\/a>\n    <a rel=\"motor-castizocanalejas\" class=\"dropbtn-motor\" href=\"#\">Castizo Alcal\u00e1-Canalejas<\/a>\n    <a rel=\"motor-castizoalcala\" class=\"dropbtn-motor\" href=\"#\">Castizo Alcal\u00e1-Goya<\/a>\n    <a rel=\"motor-castizosaravaca\" class=\"dropbtn-motor\" href=\"#\">Castizo Aravaca<\/a>\n    <a rel=\"motor-carbon\" class=\"dropbtn-motor\" href=\"#\">Carb\u00f3n<\/a>\n    <a rel=\"motor-fanatico\" class=\"dropbtn-motor\" href=\"#\">Hipn\u00f3tico<\/a>\n    <a rel=\"motor-abrasaaravaca\" class=\"dropbtn-motor\" href=\"#\">Abrasa Aravaca<\/a>\n    <a rel=\"motor-abrasamoraleja\" class=\"dropbtn-motor\" href=\"#\">Abrasa Moraleja<\/a>\n    <a rel=\"motor-lafonda\" class=\"dropbtn-motor\" href=\"#\">La Fonda Bistr\u00f3<\/a>\n    <a rel=\"motor-riogrande\" class=\"dropbtn-motor\" href=\"#\">Rio Grande Sevilla<\/a>\n    <a rel=\"motor-balcon\" class=\"dropbtn-motor\" href=\"#\">Balc\u00f3n Rio grande<\/a>\n  <\/div>\n<\/div>\n\n<div class=\"container-motores\">\n\t<!-- REPETICI\u00d3N DIN\u00c1MICA -->\n\t<div class=\"motor motor-botania\"><iframe title=\"Reservations\" src=\"https:\/\/www.covermanager.com\/eco\/buy_products\/restaurante-botania\/english\" frameborder=\"0\" height=\"880\" width=\"100%\" onload=\"iFrameResize();\"><\/iframe><\/div>\n\t<div class=\"motor motor-frida\"><iframe title=\"Reservations\" src=\"https:\/\/www.covermanager.com\/eco\/buy_products\/restaurante-frida\/english\" frameborder=\"0\" height=\"880\" width=\"100%\" onload=\"iFrameResize();\"><\/iframe><\/div>\n\t<div class=\"motor motor-habanera\"><iframe title=\"Reservations\" src=\"https:\/\/www.covermanager.com\/eco\/buy_products\/Larrumba-Habanera\/english\" frameborder=\"0\" height=\"880\" width=\"100%\" onload=\"iFrameResize();\"><\/iframe><\/div>\n\t<div class=\"motor motor-lachingona\"><iframe title=\"Reservations\" src=\"https:\/\/www.covermanager.com\/eco\/buy_products\/restaurante-lachingona\/english\" frameborder=\"0\" height=\"880\" width=\"100%\" onload=\"iFrameResize();\"><\/iframe><\/div>\n\t<div class=\"motor motor-marieta\"><iframe title=\"Reservations\" src=\"https:\/\/www.covermanager.com\/eco\/buy_products\/larrumba-marieta\/spanish\" frameborder=\"0\" height=\"880\" width=\"100%\" onload=\"iFrameResize();\"><\/iframe><\/div>\n\t<div class=\"motor motor-perra\"><iframe title=\"Reservations\" src=\"https:\/\/www.covermanager.com\/eco\/buy_products\/perra-chica\/english\" frameborder=\"0\" height=\"880\" width=\"100%\" onload=\"iFrameResize();\"><\/iframe><\/div>\n\t<div class=\"motor motor-pyt\"><iframe title=\"Reservations\" src=\"https:\/\/www.covermanager.com\/eco\/buy_products\/peyote-san\/english\" frameborder=\"0\" height=\"880\" width=\"100%\" onload=\"iFrameResize();\"><\/iframe><\/div>\n<div class=\"motor motor-chez\">\n  <iframe title=\"Reservations\" src=\"https:\/\/www.covermanager.com\/eco\/buy_products\/restaurante-chez-madrid\/english\" frameborder=\"0\" height=\"550\" width=\"100%\" onload=\"iFrameResize();\"><\/iframe>\n<\/div>\n\n<div class=\"motor motor-pabblo\">\n  <iframe title=\"Reservations\" src=\"https:\/\/www.covermanager.com\/eco\/buy_products\/restaurante-pabblo\/english\" frameborder=\"0\" height=\"550\" width=\"100%\" onload=\"iFrameResize();\"><\/iframe>\n<\/div>\n\n<div class=\"motor motor-castizovelazquez\">\n  <iframe title=\"Reservations\" src=\"https:\/\/www.covermanager.com\/eco\/buy_products\/restaurante-castizo\/english\" frameborder=\"0\" height=\"550\" width=\"100%\" onload=\"iFrameResize();\"><\/iframe>\n<\/div>\n\n<div class=\"motor motor-castizoserrano\">\n  <iframe title=\"Reservations\" src=\"https:\/\/www.covermanager.com\/eco\/buy_products\/restaurante-castizo-serrano\/english\" frameborder=\"0\" height=\"550\" width=\"100%\" onload=\"iFrameResize();\"><\/iframe>\n<\/div>\n\n<div class=\"motor motor-castizosagasta\">\n  <iframe title=\"Reservations\" src=\"https:\/\/www.covermanager.com\/eco\/buy_products\/restaurante-castizo-sagasta\/english\" frameborder=\"0\" height=\"550\" width=\"100%\" onload=\"iFrameResize();\"><\/iframe>\n<\/div>\n\n<div class=\"motor motor-castizoangel\">\n  <iframe title=\"Reservations\" src=\"https:\/\/www.covermanager.com\/eco\/buy_products\/restaurante-castizo-plazadelangel\/english\" frameborder=\"0\" height=\"550\" width=\"100%\" onload=\"iFrameResize();\"><\/iframe>\n<\/div>\n\n<div class=\"motor motor-castizocanalejas\">\n  <iframe title=\"Reservations\" src=\"https:\/\/www.covermanager.com\/eco\/buy_products\/caramba-madrid\/english\" frameborder=\"0\" height=\"550\" width=\"100%\" onload=\"iFrameResize();\"><\/iframe>\n<\/div>\n\n<div class=\"motor motor-castizoalcala\">\n  <iframe title=\"Reservations\" src=\"https:\/\/www.covermanager.com\/eco\/buy_products\/restaurante-castizoalcala\/english\" frameborder=\"0\" height=\"550\" width=\"100%\" onload=\"iFrameResize();\"><\/iframe>\n<\/div>\n\n<div class=\"motor motor-castizosaravaca\">\n  <iframe title=\"Reservations\" src=\"https:\/\/www.covermanager.com\/eco\/buy_products\/la-mamona-aravaca\/english\" frameborder=\"0\" height=\"550\" width=\"100%\" onload=\"iFrameResize();\"><\/iframe>\n<\/div>\n\n<div class=\"motor motor-carbon\">\n  <iframe title=\"Reservations\" src=\"https:\/\/www.covermanager.com\/eco\/buy_products\/carbon-negro\/english\" frameborder=\"0\" height=\"550\" width=\"100%\" onload=\"iFrameResize();\"><\/iframe>\n<\/div>\n\n<div class=\"motor motor-fanatico\">\n  <iframe title=\"Reservations\" src=\"https:\/\/www.covermanager.com\/eco\/buy_products\/restaurante-umo\/english\" frameborder=\"0\" height=\"550\" width=\"100%\" onload=\"iFrameResize();\"><\/iframe>\n<\/div>\n\n<div class=\"motor motor-abrasaaravaca\">\n  <iframe title=\"Reservations\" src=\"https:\/\/www.covermanager.com\/eco\/buy_products\/restaurante-abrasa-aravaca\/english\" frameborder=\"0\" height=\"550\" width=\"100%\" onload=\"iFrameResize();\"><\/iframe>\n<\/div>\n\n<div class=\"motor motor-abrasamoraleja\">\n  <iframe title=\"Reservations\" src=\"https:\/\/www.covermanager.com\/eco\/buy_products\/abrasa\/english\" frameborder=\"0\" height=\"550\" width=\"100%\" onload=\"iFrameResize();\"><\/iframe>\n<\/div>\n\n<div class=\"motor motor-lafonda\">\n  <iframe title=\"Reservations\" src=\"https:\/\/www.covermanager.com\/eco\/buy_products\/restaurante-lafondalironda\/english\" frameborder=\"0\" height=\"550\" width=\"100%\" onload=\"iFrameResize();\"><\/iframe>\n<\/div>\n\n<div class=\"motor motor-riogrande\">\n  <iframe title=\"Reservations\" src=\"https:\/\/www.covermanager.com\/eco\/buy_products\/restaurante-riograndesevilla\/english\" frameborder=\"0\" height=\"550\" width=\"100%\" onload=\"iFrameResize();\"><\/iframe>\n<\/div>\n\n<div class=\"motor motor-balcon\">\n  <iframe title=\"Reservations\" src=\"https:\/\/www.covermanager.com\/eco\/buy_products\/restaurante-balconderiogrande\/english\" frameborder=\"0\" height=\"550\" width=\"100%\" onload=\"iFrameResize();\"><\/iframe>\n<\/div>\n\n<\/div>\n\n<!-- ESTILOS -->\n<style>\n.motor {\n  display: none;\n  margin-top: 1.5rempx;\n}\n.dropbtn {\n  min-width: 18.75rem;\n}\n\n.reserve-dropdown {\n  position: relative;\n  display: flex;\n  justify-content:center;\n}\n.dropdown-content {\n  display: none;\n  position: absolute;\n  top:0;\n  background-color: #f1f1f1;\n  min-width: 18.75rem;\n  z-index: 1;\n  max-height: 19.2rem;\n  overflow: auto;\n}\n.dropdown-content a {\n  color: black;\n  padding: 12px 16px;\n  text-align: center;\n  display: block;\n  font-size: 18px;\n  text-decoration: none;\n}\n.dropdown-content a:hover {\n  background-color: #ddd;\n}\n.show {\n  display: block;\n}\n<\/style>\n\n<!-- SCRIPT FUNCIONALIDAD -->\n<script>\ndocument.addEventListener(\"DOMContentLoaded\", function () {\n  document.querySelectorAll(\".dropbtn-motor\").forEach(function (el) {\n    el.addEventListener(\"click\", function (e) {\n      e.preventDefault();\n      \/\/ Ocultar todas\n      document.querySelectorAll(\".motor\").forEach(function (motor) {\n        motor.style.display = \"none\";\n      });\n      \/\/ Mostrar la correspondiente\n      var rel = this.getAttribute(\"rel\");\n      var target = document.querySelector(\".\" + rel);\n      if (target) {\n        target.style.display = \"block\";\n      }\n      \/\/ Cerrar dropdown\n      document.getElementById(\"reserve-dropdown-content\").classList.remove(\"show\");\n    });\n  });\n\n  document.querySelector(\".dropbtn\").addEventListener(\"click\", function () {\n    document.getElementById(\"reserve-dropdown-content\").classList.toggle(\"show\");\n  });\n\n  window.addEventListener(\"click\", function (event) {\n    if (!event.target.matches('.dropbtn')) {\n      document.querySelectorAll(\".dropdown-content\").forEach(function (el) {\n        el.classList.remove(\"show\");\n      });\n    }\n  });\n\n});\n<\/script>\n\t\t\t\t<\/div>\n\t\t\t\t<\/div>\n\t\t\t\t<div class=\"elementor-element elementor-element-54db268 elementor-widget__width-initial elementor-widget elementor-widget-text-editor\" data-id=\"54db268\" data-element_type=\"widget\" data-e-type=\"widget\" data-settings=\"{&quot;_animation_tablet&quot;:&quot;fadeInUp&quot;}\" data-widget_type=\"text-editor.default\">\n\t\t\t\t<div class=\"elementor-widget-container\">\n\t\t\t\t\t\t\t\t\t<p>* The value of the different experiences can only be used in a single reservation and cannot be split across multiple days.<\/p><p>If the final consumption is less than the amount paid, no refund will be issued for the remaining balance.<\/p>\t\t\t\t\t\t\t\t<\/div>\n\t\t\t\t<\/div>\n\t\t\t\t<\/div>\n\t\t<div class=\"elementor-element elementor-element-9bb2703 e-con-full e-flex e-con e-child\" data-id=\"9bb2703\" data-element_type=\"container\" data-e-type=\"container\" data-settings=\"{&quot;background_background&quot;:&quot;classic&quot;}\">\n\t\t<div class=\"elementor-element elementor-element-5b4a0f5 e-con-full animated-fast e-flex elementor-invisible e-con e-child\" data-id=\"5b4a0f5\" data-element_type=\"container\" data-e-type=\"container\" data-settings=\"{&quot;background_background&quot;:&quot;classic&quot;,&quot;animation&quot;:&quot;fadeInRight&quot;,&quot;animation_tablet&quot;:&quot;fadeIn&quot;,&quot;animation_mobile_extra&quot;:&quot;fadeIn&quot;}\">\n\t\t\t\t<\/div>\n\t\t\t\t<\/div>\n\t\t\t\t\t<\/div>\n\t\t\t\t<\/div>\n\t\t\t\t<\/div>\n\t\t","protected":false},"excerpt":{"rendered":"<p>Gift GLH experiences The best gifts are those that are experienced. That\u2019s why, at GLH, we offer you different options to make your gift truly special. Design your gift Choose a restaurant Botania Frida Habanera La Chingona Marieta Perrachica Chez Madrid Pabblo Castizo Vel\u00e1zquez Castizo Serrano Castizo Sagasta Castizo Plaza del \u00c1ngel Castizo Alcal\u00e1-Canalejas Castizo [&hellip;]<\/p>\n","protected":false},"author":1,"featured_media":0,"parent":0,"menu_order":0,"comment_status":"closed","ping_status":"closed","template":"elementor_header_footer","meta":{"footnotes":""},"class_list":["post-3808","page","type-page","status-publish","hentry"],"yoast_head":"<!-- This site is optimized with the Yoast SEO plugin v27.6 - https:\/\/yoast.com\/product\/yoast-seo-wordpress\/ -->\n<title>Gift Experience - GLH<\/title>\n<meta name=\"robots\" content=\"index, follow, max-snippet:-1, max-image-preview:large, max-video-preview:-1\" \/>\n<link rel=\"canonical\" href=\"https:\/\/glhrestaurants.com\/en\/gift-experience\/\" \/>\n<meta property=\"og:locale\" content=\"en_US\" \/>\n<meta property=\"og:type\" content=\"article\" \/>\n<meta property=\"og:title\" content=\"Gift Experience - GLH\" \/>\n<meta property=\"og:description\" content=\"Gift GLH experiences The best gifts are those that are experienced. That\u2019s why, at GLH, we offer you different options to make your gift truly special. Design your gift Choose a restaurant Botania Frida Habanera La Chingona Marieta Perrachica Chez Madrid Pabblo Castizo Vel\u00e1zquez Castizo Serrano Castizo Sagasta Castizo Plaza del \u00c1ngel Castizo Alcal\u00e1-Canalejas Castizo [&hellip;]\" \/>\n<meta property=\"og:url\" content=\"https:\/\/glhrestaurants.com\/en\/gift-experience\/\" \/>\n<meta property=\"og:site_name\" content=\"GLH\" \/>\n<meta property=\"article:modified_time\" content=\"2026-04-30T07:28:18+00:00\" \/>\n<meta name=\"twitter:card\" content=\"summary_large_image\" \/>\n<meta name=\"twitter:label1\" content=\"Est. reading time\" \/>\n\t<meta name=\"twitter:data1\" content=\"1 minute\" \/>\n<script type=\"application\/ld+json\" class=\"yoast-schema-graph\">{\"@context\":\"https:\\\/\\\/schema.org\",\"@graph\":[{\"@type\":\"WebPage\",\"@id\":\"https:\\\/\\\/glhrestaurants.com\\\/en\\\/gift-experience\\\/\",\"url\":\"https:\\\/\\\/glhrestaurants.com\\\/en\\\/gift-experience\\\/\",\"name\":\"Gift Experience - GLH\",\"isPartOf\":{\"@id\":\"https:\\\/\\\/glhrestaurants.com\\\/#website\"},\"datePublished\":\"2025-07-29T06:37:48+00:00\",\"dateModified\":\"2026-04-30T07:28:18+00:00\",\"breadcrumb\":{\"@id\":\"https:\\\/\\\/glhrestaurants.com\\\/en\\\/gift-experience\\\/#breadcrumb\"},\"inLanguage\":\"en-US\",\"potentialAction\":[{\"@type\":\"ReadAction\",\"target\":[\"https:\\\/\\\/glhrestaurants.com\\\/en\\\/gift-experience\\\/\"]}]},{\"@type\":\"BreadcrumbList\",\"@id\":\"https:\\\/\\\/glhrestaurants.com\\\/en\\\/gift-experience\\\/#breadcrumb\",\"itemListElement\":[{\"@type\":\"ListItem\",\"position\":1,\"name\":\"Portada\",\"item\":\"https:\\\/\\\/glhrestaurants.com\\\/en\\\/home\\\/\"},{\"@type\":\"ListItem\",\"position\":2,\"name\":\"Gift Experience\"}]},{\"@type\":\"WebSite\",\"@id\":\"https:\\\/\\\/glhrestaurants.com\\\/#website\",\"url\":\"https:\\\/\\\/glhrestaurants.com\\\/\",\"name\":\"GLH\",\"description\":\"Singular Restaurants\",\"publisher\":{\"@id\":\"https:\\\/\\\/glhrestaurants.com\\\/#organization\"},\"potentialAction\":[{\"@type\":\"SearchAction\",\"target\":{\"@type\":\"EntryPoint\",\"urlTemplate\":\"https:\\\/\\\/glhrestaurants.com\\\/?s={search_term_string}\"},\"query-input\":{\"@type\":\"PropertyValueSpecification\",\"valueRequired\":true,\"valueName\":\"search_term_string\"}}],\"inLanguage\":\"en-US\"},{\"@type\":\"Organization\",\"@id\":\"https:\\\/\\\/glhrestaurants.com\\\/#organization\",\"name\":\"GLH\",\"url\":\"https:\\\/\\\/glhrestaurants.com\\\/\",\"logo\":{\"@type\":\"ImageObject\",\"inLanguage\":\"en-US\",\"@id\":\"https:\\\/\\\/glhrestaurants.com\\\/#\\\/schema\\\/logo\\\/image\\\/\",\"url\":\"https:\\\/\\\/glhrestaurants.com\\\/wp-content\\\/uploads\\\/2025\\\/06\\\/cropped-favicon.png\",\"contentUrl\":\"https:\\\/\\\/glhrestaurants.com\\\/wp-content\\\/uploads\\\/2025\\\/06\\\/cropped-favicon.png\",\"width\":512,\"height\":512,\"caption\":\"GLH\"},\"image\":{\"@id\":\"https:\\\/\\\/glhrestaurants.com\\\/#\\\/schema\\\/logo\\\/image\\\/\"}}]}<\/script>\n<!-- \/ Yoast SEO plugin. -->","yoast_head_json":{"title":"Gift Experience - GLH","robots":{"index":"index","follow":"follow","max-snippet":"max-snippet:-1","max-image-preview":"max-image-preview:large","max-video-preview":"max-video-preview:-1"},"canonical":"https:\/\/glhrestaurants.com\/en\/gift-experience\/","og_locale":"en_US","og_type":"article","og_title":"Gift Experience - GLH","og_description":"Gift GLH experiences The best gifts are those that are experienced. That\u2019s why, at GLH, we offer you different options to make your gift truly special. Design your gift Choose a restaurant Botania Frida Habanera La Chingona Marieta Perrachica Chez Madrid Pabblo Castizo Vel\u00e1zquez Castizo Serrano Castizo Sagasta Castizo Plaza del \u00c1ngel Castizo Alcal\u00e1-Canalejas Castizo [&hellip;]","og_url":"https:\/\/glhrestaurants.com\/en\/gift-experience\/","og_site_name":"GLH","article_modified_time":"2026-04-30T07:28:18+00:00","twitter_card":"summary_large_image","twitter_misc":{"Est. reading time":"1 minute"},"schema":{"@context":"https:\/\/schema.org","@graph":[{"@type":"WebPage","@id":"https:\/\/glhrestaurants.com\/en\/gift-experience\/","url":"https:\/\/glhrestaurants.com\/en\/gift-experience\/","name":"Gift Experience - GLH","isPartOf":{"@id":"https:\/\/glhrestaurants.com\/#website"},"datePublished":"2025-07-29T06:37:48+00:00","dateModified":"2026-04-30T07:28:18+00:00","breadcrumb":{"@id":"https:\/\/glhrestaurants.com\/en\/gift-experience\/#breadcrumb"},"inLanguage":"en-US","potentialAction":[{"@type":"ReadAction","target":["https:\/\/glhrestaurants.com\/en\/gift-experience\/"]}]},{"@type":"BreadcrumbList","@id":"https:\/\/glhrestaurants.com\/en\/gift-experience\/#breadcrumb","itemListElement":[{"@type":"ListItem","position":1,"name":"Portada","item":"https:\/\/glhrestaurants.com\/en\/home\/"},{"@type":"ListItem","position":2,"name":"Gift Experience"}]},{"@type":"WebSite","@id":"https:\/\/glhrestaurants.com\/#website","url":"https:\/\/glhrestaurants.com\/","name":"GLH","description":"Singular Restaurants","publisher":{"@id":"https:\/\/glhrestaurants.com\/#organization"},"potentialAction":[{"@type":"SearchAction","target":{"@type":"EntryPoint","urlTemplate":"https:\/\/glhrestaurants.com\/?s={search_term_string}"},"query-input":{"@type":"PropertyValueSpecification","valueRequired":true,"valueName":"search_term_string"}}],"inLanguage":"en-US"},{"@type":"Organization","@id":"https:\/\/glhrestaurants.com\/#organization","name":"GLH","url":"https:\/\/glhrestaurants.com\/","logo":{"@type":"ImageObject","inLanguage":"en-US","@id":"https:\/\/glhrestaurants.com\/#\/schema\/logo\/image\/","url":"https:\/\/glhrestaurants.com\/wp-content\/uploads\/2025\/06\/cropped-favicon.png","contentUrl":"https:\/\/glhrestaurants.com\/wp-content\/uploads\/2025\/06\/cropped-favicon.png","width":512,"height":512,"caption":"GLH"},"image":{"@id":"https:\/\/glhrestaurants.com\/#\/schema\/logo\/image\/"}}]}},"_links":{"self":[{"href":"https:\/\/glhrestaurants.com\/en\/wp-json\/wp\/v2\/pages\/3808","targetHints":{"allow":["GET"]}}],"collection":[{"href":"https:\/\/glhrestaurants.com\/en\/wp-json\/wp\/v2\/pages"}],"about":[{"href":"https:\/\/glhrestaurants.com\/en\/wp-json\/wp\/v2\/types\/page"}],"author":[{"embeddable":true,"href":"https:\/\/glhrestaurants.com\/en\/wp-json\/wp\/v2\/users\/1"}],"replies":[{"embeddable":true,"href":"https:\/\/glhrestaurants.com\/en\/wp-json\/wp\/v2\/comments?post=3808"}],"version-history":[{"count":8,"href":"https:\/\/glhrestaurants.com\/en\/wp-json\/wp\/v2\/pages\/3808\/revisions"}],"predecessor-version":[{"id":4477,"href":"https:\/\/glhrestaurants.com\/en\/wp-json\/wp\/v2\/pages\/3808\/revisions\/4477"}],"wp:attachment":[{"href":"https:\/\/glhrestaurants.com\/en\/wp-json\/wp\/v2\/media?parent=3808"}],"curies":[{"name":"wp","href":"https:\/\/api.w.org\/{rel}","templated":true}]}}